{"id":1211,"date":"2025-02-12T10:58:59","date_gmt":"2025-02-12T09:58:59","guid":{"rendered":"https:\/\/www.georgpreisinger.com\/?page_id=1211"},"modified":"2025-02-12T10:58:59","modified_gmt":"2025-02-12T09:58:59","slug":"downloads-2","status":"publish","type":"page","link":"https:\/\/www.georgpreisinger.com\/en\/downloads-2\/","title":{"rendered":"Downloads"},"content":{"rendered":"<div class=\"wpb-content-wrapper\"><p>[vc_row][vc_column width=&#8221;1\/3&#8243;][\/vc_column][vc_column width=&#8221;1\/3&#8243; offset=&#8221;vc_col-xs-6&#8243;][vc_column_text css=&#8221;&#8221;]<\/p>\n<p class=\"text-einzelwort-bold\">PICTURES<\/p>\n<p>[\/vc_column_text][\/vc_column][vc_column width=&#8221;1\/3&#8243; offset=&#8221;vc_col-xs-6&#8243;][vc_raw_html el_class=&#8221;auge-short-video-div-downloads&#8221;]JTVCYXVzZ2FiZS1hdWdlLXNob3J0LXZpZGVvJTVE[\/vc_raw_html][vc_single_image image=&#8221;307&#8243; img_size=&#8221;full&#8221; el_id=&#8221;bild-texte-infos&#8221;][\/vc_column][\/vc_row][vc_row][vc_column][vc_column_text css=&#8221;&#8221;]The photos, graphics and texts provided on this website can be used as long as they serve the purpose of spreading news about our winery. Please include the credits. If you need additional images or text material, please <a href=\"https:\/\/www.georgpreisinger.com\/en\/kontakt\/\">contact us<\/a>. Detailed information on special wines can be found in our shop under \u2018More about this wine\u2019[\/vc_column_text][\/vc_column][\/vc_row][vc_row][vc_column width=&#8221;1\/6&#8243; el_class=&#8221;downloads-spalte&#8221; offset=&#8221;vc_col-lg-4 vc_col-md-4 vc_col-xs-6&#8243;][vc_single_image image=&#8221;493&#8243; img_size=&#8221;full&#8221; alignment=&#8221;center&#8221; onclick=&#8221;custom_link&#8221; img_link_target=&#8221;_blank&#8221; el_class=&#8221;no-margin-bottom&#8221; link=&#8221;https:\/\/www.georgpreisinger.com\/wp-content\/uploads\/2024\/04\/Neue%20Range%20GP%20ab%20032024_h9cm-DOWNLOADS.png?_t=1712318382 _blank&#8221;][vc_column_text]<\/p>\n<p class=\"downloads-bildtitel\" style=\"text-align: center;\">RANGE GEORG PREISINGER<\/p>\n<p class=\"downloads-fotograf\" style=\"text-align: center;\">CREDIT: georgpreisinger.at<\/p>\n<p>[\/vc_column_text][\/vc_column][vc_column width=&#8221;1\/6&#8243; el_class=&#8221;downloads-spalte&#8221; offset=&#8221;vc_col-lg-4 vc_col-md-4 vc_col-xs-6&#8243;][vc_single_image image=&#8221;329&#8243; img_size=&#8221;full&#8221; alignment=&#8221;center&#8221; onclick=&#8221;custom_link&#8221; img_link_target=&#8221;_blank&#8221; el_class=&#8221;no-margin-bottom&#8221; link=&#8221;https:\/\/www.georgpreisinger.com\/wp-content\/uploads\/2024\/04\/GEORG%20PREISINGER%20Logo-DOWNLOADS.jpg?_t=1712318718 _blank&#8221;][vc_column_text]<\/p>\n<p class=\"downloads-bildtitel\" style=\"text-align: center;\">LOGO GEORG PREISINGER<\/p>\n<p class=\"downloads-fotograf\" style=\"text-align: center;\">CREDIT: georgpreisinger.at<\/p>\n<p>[\/vc_column_text][\/vc_column][vc_column width=&#8221;1\/6&#8243; el_class=&#8221;downloads-spalte&#8221; offset=&#8221;vc_col-lg-4 vc_col-md-4 vc_col-xs-6&#8243;][vc_single_image image=&#8221;549&#8243; img_size=&#8221;full&#8221; alignment=&#8221;center&#8221; onclick=&#8221;custom_link&#8221; img_link_target=&#8221;_blank&#8221; el_class=&#8221;no-margin-bottom&#8221; link=&#8221;https:\/\/www.georgpreisinger.com\/wp-content\/uploads\/2024\/04\/preisinger%20pano%2005-DOWNLOADS.jpg?_t=1712319769 _blank&#8221;][vc_column_text]<\/p>\n<p class=\"downloads-bildtitel\" style=\"text-align: center;\">PANORAMA<\/p>\n<p class=\"downloads-fotograf\" style=\"text-align: center;\">CREDIT: lukashueller.at<\/p>\n<p>[\/vc_column_text][\/vc_column][vc_column width=&#8221;1\/6&#8243; offset=&#8221;vc_col-lg-4 vc_col-md-4 vc_col-xs-6&#8243;][vc_single_image image=&#8221;497&#8243; img_size=&#8221;full&#8221; alignment=&#8221;center&#8221; onclick=&#8221;custom_link&#8221; img_link_target=&#8221;_blank&#8221; el_class=&#8221;no-margin-bottom&#8221; link=&#8221;https:\/\/www.georgpreisinger.com\/wp-content\/uploads\/2024\/04\/AGNIHOTRA%20pic2-DOWNLOADS.png?_t=1712318604 _blank&#8221;][vc_column_text]<\/p>\n<p class=\"downloads-bildtitel\" style=\"text-align: center;\">AGNIHOTRA 2<\/p>\n<p class=\"downloads-fotograf\" style=\"text-align: center;\">CREDIT: lukashueller.at<\/p>\n<p>[\/vc_column_text][\/vc_column][vc_column width=&#8221;1\/6&#8243; offset=&#8221;vc_col-lg-4 vc_col-md-4 vc_col-xs-6&#8243;][vc_single_image image=&#8221;533&#8243; img_size=&#8221;full&#8221; alignment=&#8221;center&#8221; onclick=&#8221;custom_link&#8221; img_link_target=&#8221;_blank&#8221; el_class=&#8221;no-margin-bottom&#8221; link=&#8221;https:\/\/www.georgpreisinger.com\/wp-content\/uploads\/2024\/04\/IMG_5834_1-DOWNLOADS.jpg?_t=1712319045 _blank&#8221;][vc_column_text]<\/p>\n<p class=\"downloads-bildtitel\" style=\"text-align: center;\">GEORG PREISINGER VERKOSTET<\/p>\n<p class=\"downloads-fotograf\" style=\"text-align: center;\">CREDIT: lukashueller.at<\/p>\n<p>[\/vc_column_text][\/vc_column][vc_column width=&#8221;1\/6&#8243; offset=&#8221;vc_col-lg-4 vc_col-md-4 vc_col-xs-6&#8243;][vc_single_image image=&#8221;535&#8243; img_size=&#8221;full&#8221; alignment=&#8221;center&#8221; onclick=&#8221;custom_link&#8221; img_link_target=&#8221;_blank&#8221; el_class=&#8221;no-margin-bottom&#8221; link=&#8221;https:\/\/www.georgpreisinger.com\/wp-content\/uploads\/2024\/04\/IMG_5933%20Kopie_HD-DOWNLOADS.jpg?_t=1712319432 _blank&#8221;][vc_column_text]<\/p>\n<p class=\"downloads-bildtitel\" style=\"text-align: center;\">GEORG PREISINGER SPARKS<\/p>\n<p class=\"downloads-fotograf\" style=\"text-align: center;\">CREDIT: lukashueller.at<\/p>\n<p>[\/vc_column_text][\/vc_column][\/vc_row][vc_row disable_element=&#8221;yes&#8221;][vc_column width=&#8221;1\/6&#8243; el_class=&#8221;downloads-spalte&#8221; offset=&#8221;vc_col-lg-4 vc_col-md-4 vc_col-xs-6&#8243;][vc_single_image image=&#8221;538&#8243; img_size=&#8221;full&#8221; alignment=&#8221;center&#8221; onclick=&#8221;custom_link&#8221; el_class=&#8221;no-margin-bottom&#8221; link=&#8221;\/wp-content\/uploads\/2024\/04\/IMG_5944%20Kopie_m01-DOWNLOADS.jpg?_t=1712319593&#8243;][vc_column_text]<\/p>\n<p class=\"downloads-bildtitel\" style=\"text-align: center;\">GEORG PREISINGER AGNIHOTRA<\/p>\n<p class=\"downloads-fotograf\" style=\"text-align: center;\">CREDIT: lukashueller.at<\/p>\n<p>[\/vc_column_text][\/vc_column][vc_column width=&#8221;1\/6&#8243; el_class=&#8221;downloads-spalte&#8221; offset=&#8221;vc_col-lg-4 vc_col-md-4 vc_col-xs-6&#8243;][vc_single_image image=&#8221;496&#8243; img_size=&#8221;full&#8221; alignment=&#8221;center&#8221; onclick=&#8221;custom_link&#8221; el_class=&#8221;no-margin-bottom&#8221; link=&#8221;\/wp-content\/uploads\/2024\/04\/AGNIHOTRA%20pic1-DOWNLOADS.png?_t=1712318558&#8243;][vc_column_text]<\/p>\n<p class=\"downloads-bildtitel\" style=\"text-align: center;\">AGNIHOTRA 1<\/p>\n<p class=\"downloads-fotograf\" style=\"text-align: center;\">CREDIT: lukashueller.at<\/p>\n<p>[\/vc_column_text][\/vc_column][vc_column width=&#8221;1\/6&#8243; el_class=&#8221;downloads-spalte&#8221; offset=&#8221;vc_col-lg-4 vc_col-md-4 vc_col-xs-6&#8243;][vc_single_image image=&#8221;121&#8243; img_size=&#8221;full&#8221; alignment=&#8221;center&#8221; el_class=&#8221;no-margin-bottom&#8221;][vc_column_text]<\/p>\n<p class=\"downloads-bildtitel\" style=\"text-align: center;\">BILDTITEL<\/p>\n<p class=\"downloads-fotograf\" style=\"text-align: center;\">CREDIT: lukashueller.at<\/p>\n<p>[\/vc_column_text][\/vc_column][vc_column width=&#8221;1\/6&#8243; offset=&#8221;vc_col-lg-4 vc_col-md-4 vc_col-xs-6&#8243;][vc_single_image image=&#8221;121&#8243; img_size=&#8221;full&#8221; alignment=&#8221;center&#8221; el_class=&#8221;no-margin-bottom&#8221;][vc_column_text]<\/p>\n<p class=\"downloads-bildtitel\" style=\"text-align: center;\">BILDTITEL<\/p>\n<p class=\"downloads-fotograf\" style=\"text-align: center;\">CREDIT: lukashueller.at<\/p>\n<p>[\/vc_column_text][\/vc_column][vc_column width=&#8221;1\/6&#8243; offset=&#8221;vc_col-lg-4 vc_col-md-4 vc_col-xs-6&#8243;][vc_single_image image=&#8221;121&#8243; img_size=&#8221;full&#8221; alignment=&#8221;center&#8221; el_class=&#8221;no-margin-bottom&#8221;][vc_column_text]<\/p>\n<p class=\"downloads-bildtitel\" style=\"text-align: center;\">BILDTITEL<\/p>\n<p class=\"downloads-fotograf\" style=\"text-align: center;\">CREDIT: lukashueller.at<\/p>\n<p>[\/vc_column_text][\/vc_column][vc_column width=&#8221;1\/6&#8243; offset=&#8221;vc_col-lg-4 vc_col-md-4 vc_col-xs-6&#8243;][vc_single_image image=&#8221;121&#8243; img_size=&#8221;full&#8221; alignment=&#8221;center&#8221; el_class=&#8221;no-margin-bottom&#8221;][vc_column_text]<\/p>\n<p class=\"downloads-bildtitel\" style=\"text-align: center;\">BILDTITEL<\/p>\n<p class=\"downloads-fotograf\" style=\"text-align: center;\">CREDIT: lukashueller.at<\/p>\n<p>[\/vc_column_text][\/vc_column][\/vc_row][vc_row][vc_column width=&#8221;1\/6&#8243; el_class=&#8221;downloads-spalte&#8221; offset=&#8221;vc_col-lg-4 vc_col-md-4 vc_col-xs-6&#8243;][vc_single_image image=&#8221;538&#8243; img_size=&#8221;full&#8221; alignment=&#8221;center&#8221; onclick=&#8221;custom_link&#8221; img_link_target=&#8221;_blank&#8221; el_class=&#8221;no-margin-bottom&#8221; link=&#8221;https:\/\/www.georgpreisinger.com\/wp-content\/uploads\/2024\/04\/IMG_5944%20Kopie_m01-DOWNLOADS.jpg?_t=1712319593 _blank&#8221;][vc_column_text]<\/p>\n<p class=\"downloads-bildtitel\" style=\"text-align: center;\">GEORG PREISINGER AGNIHOTRA<\/p>\n<p class=\"downloads-fotograf\" style=\"text-align: center;\">CREDIT: lukashueller.at<\/p>\n<p>[\/vc_column_text][\/vc_column][vc_column width=&#8221;1\/6&#8243; el_class=&#8221;downloads-spalte&#8221; offset=&#8221;vc_col-lg-4 vc_col-md-4 vc_col-xs-6&#8243;][vc_single_image image=&#8221;496&#8243; img_size=&#8221;full&#8221; alignment=&#8221;center&#8221; onclick=&#8221;custom_link&#8221; img_link_target=&#8221;_blank&#8221; el_class=&#8221;no-margin-bottom&#8221; link=&#8221;https:\/\/www.georgpreisinger.com\/wp-content\/uploads\/2024\/04\/AGNIHOTRA%20pic1-DOWNLOADS.png?_t=1712318558 _blank&#8221;][vc_column_text]<\/p>\n<p class=\"downloads-bildtitel\" style=\"text-align: center;\">AGNIHOTRA 1<\/p>\n<p class=\"downloads-fotograf\" style=\"text-align: center;\">CREDIT: lukashueller.at<\/p>\n<p>[\/vc_column_text][\/vc_column][vc_column width=&#8221;1\/6&#8243; el_class=&#8221;downloads-spalte&#8221; offset=&#8221;vc_col-lg-4 vc_col-md-4 vc_col-xs-6&#8243;][\/vc_column][vc_column width=&#8221;1\/6&#8243; offset=&#8221;vc_col-lg-4 vc_col-md-4 vc_col-xs-6&#8243;][\/vc_column][vc_column width=&#8221;1\/6&#8243; offset=&#8221;vc_col-lg-4 vc_col-md-4 vc_col-xs-6&#8243;][\/vc_column][vc_column width=&#8221;1\/6&#8243; offset=&#8221;vc_col-lg-4 vc_col-md-4 vc_col-xs-6&#8243;][\/vc_column][\/vc_row]<\/p>\n<\/div>","protected":false},"excerpt":{"rendered":"<p>[vc_row][vc_column width=&#8221;1\/3&#8243;][\/vc_column][vc_column width=&#8221;1\/3&#8243; offset=&#8221;vc_col-xs-6&#8243;][vc_column_text css=&#8221;&#8221;] PICTURES [\/vc_column_text][\/vc_column][vc_column width=&#8221;1\/3&#8243; offset=&#8221;vc_col-xs-6&#8243;][vc_raw_html el_class=&#8221;auge-short-video-div-downloads&#8221;]JTVCYXVzZ2FiZS1hdWdlLXNob3J0LXZpZGVvJTVE[\/vc_raw_html][vc_single_image image=&#8221;307&#8243; img_size=&#8221;full&#8221; el_id=&#8221;bild-texte-infos&#8221;][\/vc_column][\/vc_row][vc_row][vc_column][vc_column_text css=&#8221;&#8221;]The photos, graphics and texts provided on this website can be used as long as they serve the purpose of spreading news about our winery. Please include the credits. If you need additional images or text material, please contact us. Detailed information [&hellip;]<\/p>\n","protected":false},"author":1,"featured_media":943,"parent":0,"menu_order":0,"comment_status":"closed","ping_status":"closed","template":"","meta":{"_acf_changed":false,"ocean_post_layout":"","ocean_both_sidebars_style":"","ocean_both_sidebars_content_width":0,"ocean_both_sidebars_sidebars_width":0,"ocean_sidebar":"0","ocean_second_sidebar":"0","ocean_disable_margins":"enable","ocean_add_body_class":"","ocean_shortcode_before_top_bar":"","ocean_shortcode_after_top_bar":"","ocean_shortcode_before_header":"","ocean_shortcode_after_header":"","ocean_has_shortcode":"","ocean_shortcode_after_title":"","ocean_shortcode_before_footer_widgets":"","ocean_shortcode_after_footer_widgets":"","ocean_shortcode_before_footer_bottom":"","ocean_shortcode_after_footer_bottom":"","ocean_display_top_bar":"default","ocean_display_header":"default","ocean_header_style":"","ocean_center_header_left_menu":"0","ocean_custom_header_template":"0","ocean_custom_logo":0,"ocean_custom_retina_logo":0,"ocean_custom_logo_max_width":0,"ocean_custom_logo_tablet_max_width":0,"ocean_custom_logo_mobile_max_width":0,"ocean_custom_logo_max_height":0,"ocean_custom_logo_tablet_max_height":0,"ocean_custom_logo_mobile_max_height":0,"ocean_header_custom_menu":"0","ocean_menu_typo_font_family":"0","ocean_menu_typo_font_subset":"","ocean_menu_typo_font_size":0,"ocean_menu_typo_font_size_tablet":0,"ocean_menu_typo_font_size_mobile":0,"ocean_menu_typo_font_size_unit":"px","ocean_menu_typo_font_weight":"","ocean_menu_typo_font_weight_tablet":"","ocean_menu_typo_font_weight_mobile":"","ocean_menu_typo_transform":"","ocean_menu_typo_transform_tablet":"","ocean_menu_typo_transform_mobile":"","ocean_menu_typo_line_height":0,"ocean_menu_typo_line_height_tablet":0,"ocean_menu_typo_line_height_mobile":0,"ocean_menu_typo_line_height_unit":"","ocean_menu_typo_spacing":0,"ocean_menu_typo_spacing_tablet":0,"ocean_menu_typo_spacing_mobile":0,"ocean_menu_typo_spacing_unit":"","ocean_menu_link_color":"","ocean_menu_link_color_hover":"","ocean_menu_link_color_active":"","ocean_menu_link_background":"","ocean_menu_link_hover_background":"","ocean_menu_link_active_background":"","ocean_menu_social_links_bg":"","ocean_menu_social_hover_links_bg":"","ocean_menu_social_links_color":"","ocean_menu_social_hover_links_color":"","ocean_disable_title":"default","ocean_disable_heading":"default","ocean_post_title":"","ocean_post_subheading":"","ocean_post_title_style":"","ocean_post_title_background_color":"","ocean_post_title_background":0,"ocean_post_title_bg_image_position":"","ocean_post_title_bg_image_attachment":"","ocean_post_title_bg_image_repeat":"","ocean_post_title_bg_image_size":"","ocean_post_title_height":0,"ocean_post_title_bg_overlay":0.5,"ocean_post_title_bg_overlay_color":"","ocean_disable_breadcrumbs":"default","ocean_breadcrumbs_color":"","ocean_breadcrumbs_separator_color":"","ocean_breadcrumbs_links_color":"","ocean_breadcrumbs_links_hover_color":"","ocean_display_footer_widgets":"default","ocean_display_footer_bottom":"default","ocean_custom_footer_template":"0","footnotes":""},"class_list":["post-1211","page","type-page","status-publish","has-post-thumbnail","hentry","entry","has-media","owp-thumbs-layout-horizontal","owp-btn-normal","owp-tabs-layout-horizontal","has-no-thumbnails"],"acf":[],"yoast_head":"<!-- This site is optimized with the Yoast SEO plugin v27.4 - https:\/\/yoast.com\/product\/yoast-seo-wordpress\/ -->\n<title>Downloads - Georg Preisinger<\/title>\n<meta name=\"description\" content=\"Fotos, Grafiken und Texte d\u00fcrfen f\u00fcr die Berichterstattung \u00fcber das Weingut verwendet werden, sofern die Credits angegeben werden.\" \/>\n<meta name=\"robots\" content=\"index, follow, max-snippet:-1, max-image-preview:large, max-video-preview:-1\" \/>\n<link rel=\"canonical\" href=\"https:\/\/www.georgpreisinger.com\/en\/downloads-2\/\" \/>\n<meta property=\"og:locale\" content=\"en_US\" \/>\n<meta property=\"og:type\" content=\"article\" \/>\n<meta property=\"og:title\" content=\"Downloads - Georg Preisinger\" \/>\n<meta property=\"og:description\" content=\"Fotos, Grafiken und Texte d\u00fcrfen f\u00fcr die Berichterstattung \u00fcber das Weingut verwendet werden, sofern die Credits angegeben werden.\" \/>\n<meta property=\"og:url\" content=\"https:\/\/www.georgpreisinger.com\/en\/downloads-2\/\" \/>\n<meta property=\"og:site_name\" content=\"Georg Preisinger\" \/>\n<meta property=\"og:image\" content=\"https:\/\/www.georgpreisinger.com\/wp-content\/uploads\/2024\/01\/header_downloads.png\" \/>\n\t<meta property=\"og:image:width\" content=\"1920\" \/>\n\t<meta property=\"og:image:height\" content=\"1080\" \/>\n\t<meta property=\"og:image:type\" content=\"image\/png\" \/>\n<meta name=\"twitter:card\" content=\"summary_large_image\" \/>\n<meta name=\"twitter:label1\" content=\"Est. reading time\" \/>\n\t<meta name=\"twitter:data1\" content=\"5 minutes\" \/>\n<script type=\"application\/ld+json\" class=\"yoast-schema-graph\">{\"@context\":\"https:\\\/\\\/schema.org\",\"@graph\":[{\"@type\":\"WebPage\",\"@id\":\"https:\\\/\\\/www.georgpreisinger.com\\\/en\\\/downloads-2\\\/\",\"url\":\"https:\\\/\\\/www.georgpreisinger.com\\\/en\\\/downloads-2\\\/\",\"name\":\"Downloads - Georg Preisinger\",\"isPartOf\":{\"@id\":\"https:\\\/\\\/www.georgpreisinger.com\\\/en\\\/#website\"},\"primaryImageOfPage\":{\"@id\":\"https:\\\/\\\/www.georgpreisinger.com\\\/en\\\/downloads-2\\\/#primaryimage\"},\"image\":{\"@id\":\"https:\\\/\\\/www.georgpreisinger.com\\\/en\\\/downloads-2\\\/#primaryimage\"},\"thumbnailUrl\":\"https:\\\/\\\/www.georgpreisinger.com\\\/wp-content\\\/uploads\\\/2024\\\/01\\\/header_downloads.png\",\"datePublished\":\"2025-02-12T09:58:59+00:00\",\"description\":\"Fotos, Grafiken und Texte d\u00fcrfen f\u00fcr die Berichterstattung \u00fcber das Weingut verwendet werden, sofern die Credits angegeben werden.\",\"breadcrumb\":{\"@id\":\"https:\\\/\\\/www.georgpreisinger.com\\\/en\\\/downloads-2\\\/#breadcrumb\"},\"inLanguage\":\"en-US\",\"potentialAction\":[{\"@type\":\"ReadAction\",\"target\":[\"https:\\\/\\\/www.georgpreisinger.com\\\/en\\\/downloads-2\\\/\"]}]},{\"@type\":\"ImageObject\",\"inLanguage\":\"en-US\",\"@id\":\"https:\\\/\\\/www.georgpreisinger.com\\\/en\\\/downloads-2\\\/#primaryimage\",\"url\":\"https:\\\/\\\/www.georgpreisinger.com\\\/wp-content\\\/uploads\\\/2024\\\/01\\\/header_downloads.png\",\"contentUrl\":\"https:\\\/\\\/www.georgpreisinger.com\\\/wp-content\\\/uploads\\\/2024\\\/01\\\/header_downloads.png\",\"width\":1920,\"height\":1080},{\"@type\":\"BreadcrumbList\",\"@id\":\"https:\\\/\\\/www.georgpreisinger.com\\\/en\\\/downloads-2\\\/#breadcrumb\",\"itemListElement\":[{\"@type\":\"ListItem\",\"position\":1,\"name\":\"Startseite\",\"item\":\"https:\\\/\\\/www.georgpreisinger.com\\\/en\\\/\"},{\"@type\":\"ListItem\",\"position\":2,\"name\":\"Downloads\"}]},{\"@type\":\"WebSite\",\"@id\":\"https:\\\/\\\/www.georgpreisinger.com\\\/en\\\/#website\",\"url\":\"https:\\\/\\\/www.georgpreisinger.com\\\/en\\\/\",\"name\":\"Weingut Georg Preisinger\",\"description\":\"Elementare Weine\",\"publisher\":{\"@id\":\"https:\\\/\\\/www.georgpreisinger.com\\\/en\\\/#organization\"},\"potentialAction\":[{\"@type\":\"SearchAction\",\"target\":{\"@type\":\"EntryPoint\",\"urlTemplate\":\"https:\\\/\\\/www.georgpreisinger.com\\\/en\\\/?s={search_term_string}\"},\"query-input\":{\"@type\":\"PropertyValueSpecification\",\"valueRequired\":true,\"valueName\":\"search_term_string\"}}],\"inLanguage\":\"en-US\"},{\"@type\":\"Organization\",\"@id\":\"https:\\\/\\\/www.georgpreisinger.com\\\/en\\\/#organization\",\"name\":\"ELEMENTARE WEINE\",\"url\":\"https:\\\/\\\/www.georgpreisinger.com\\\/en\\\/\",\"logo\":{\"@type\":\"ImageObject\",\"inLanguage\":\"en-US\",\"@id\":\"https:\\\/\\\/www.georgpreisinger.com\\\/en\\\/#\\\/schema\\\/logo\\\/image\\\/\",\"url\":\"https:\\\/\\\/www.georgpreisinger.com\\\/wp-content\\\/uploads\\\/2024\\\/02\\\/georg_logo_klein-1.jpg\",\"contentUrl\":\"https:\\\/\\\/www.georgpreisinger.com\\\/wp-content\\\/uploads\\\/2024\\\/02\\\/georg_logo_klein-1.jpg\",\"width\":550,\"height\":183,\"caption\":\"ELEMENTARE WEINE\"},\"image\":{\"@id\":\"https:\\\/\\\/www.georgpreisinger.com\\\/en\\\/#\\\/schema\\\/logo\\\/image\\\/\"}}]}<\/script>\n<!-- \/ Yoast SEO plugin. -->","yoast_head_json":{"title":"Downloads - Georg Preisinger","description":"Fotos, Grafiken und Texte d\u00fcrfen f\u00fcr die Berichterstattung \u00fcber das Weingut verwendet werden, sofern die Credits angegeben werden.","robots":{"index":"index","follow":"follow","max-snippet":"max-snippet:-1","max-image-preview":"max-image-preview:large","max-video-preview":"max-video-preview:-1"},"canonical":"https:\/\/www.georgpreisinger.com\/en\/downloads-2\/","og_locale":"en_US","og_type":"article","og_title":"Downloads - Georg Preisinger","og_description":"Fotos, Grafiken und Texte d\u00fcrfen f\u00fcr die Berichterstattung \u00fcber das Weingut verwendet werden, sofern die Credits angegeben werden.","og_url":"https:\/\/www.georgpreisinger.com\/en\/downloads-2\/","og_site_name":"Georg Preisinger","og_image":[{"width":1920,"height":1080,"url":"https:\/\/www.georgpreisinger.com\/wp-content\/uploads\/2024\/01\/header_downloads.png","type":"image\/png"}],"twitter_card":"summary_large_image","twitter_misc":{"Est. reading time":"5 minutes"},"schema":{"@context":"https:\/\/schema.org","@graph":[{"@type":"WebPage","@id":"https:\/\/www.georgpreisinger.com\/en\/downloads-2\/","url":"https:\/\/www.georgpreisinger.com\/en\/downloads-2\/","name":"Downloads - Georg Preisinger","isPartOf":{"@id":"https:\/\/www.georgpreisinger.com\/en\/#website"},"primaryImageOfPage":{"@id":"https:\/\/www.georgpreisinger.com\/en\/downloads-2\/#primaryimage"},"image":{"@id":"https:\/\/www.georgpreisinger.com\/en\/downloads-2\/#primaryimage"},"thumbnailUrl":"https:\/\/www.georgpreisinger.com\/wp-content\/uploads\/2024\/01\/header_downloads.png","datePublished":"2025-02-12T09:58:59+00:00","description":"Fotos, Grafiken und Texte d\u00fcrfen f\u00fcr die Berichterstattung \u00fcber das Weingut verwendet werden, sofern die Credits angegeben werden.","breadcrumb":{"@id":"https:\/\/www.georgpreisinger.com\/en\/downloads-2\/#breadcrumb"},"inLanguage":"en-US","potentialAction":[{"@type":"ReadAction","target":["https:\/\/www.georgpreisinger.com\/en\/downloads-2\/"]}]},{"@type":"ImageObject","inLanguage":"en-US","@id":"https:\/\/www.georgpreisinger.com\/en\/downloads-2\/#primaryimage","url":"https:\/\/www.georgpreisinger.com\/wp-content\/uploads\/2024\/01\/header_downloads.png","contentUrl":"https:\/\/www.georgpreisinger.com\/wp-content\/uploads\/2024\/01\/header_downloads.png","width":1920,"height":1080},{"@type":"BreadcrumbList","@id":"https:\/\/www.georgpreisinger.com\/en\/downloads-2\/#breadcrumb","itemListElement":[{"@type":"ListItem","position":1,"name":"Startseite","item":"https:\/\/www.georgpreisinger.com\/en\/"},{"@type":"ListItem","position":2,"name":"Downloads"}]},{"@type":"WebSite","@id":"https:\/\/www.georgpreisinger.com\/en\/#website","url":"https:\/\/www.georgpreisinger.com\/en\/","name":"Weingut Georg Preisinger","description":"Elementare Weine","publisher":{"@id":"https:\/\/www.georgpreisinger.com\/en\/#organization"},"potentialAction":[{"@type":"SearchAction","target":{"@type":"EntryPoint","urlTemplate":"https:\/\/www.georgpreisinger.com\/en\/?s={search_term_string}"},"query-input":{"@type":"PropertyValueSpecification","valueRequired":true,"valueName":"search_term_string"}}],"inLanguage":"en-US"},{"@type":"Organization","@id":"https:\/\/www.georgpreisinger.com\/en\/#organization","name":"ELEMENTARE WEINE","url":"https:\/\/www.georgpreisinger.com\/en\/","logo":{"@type":"ImageObject","inLanguage":"en-US","@id":"https:\/\/www.georgpreisinger.com\/en\/#\/schema\/logo\/image\/","url":"https:\/\/www.georgpreisinger.com\/wp-content\/uploads\/2024\/02\/georg_logo_klein-1.jpg","contentUrl":"https:\/\/www.georgpreisinger.com\/wp-content\/uploads\/2024\/02\/georg_logo_klein-1.jpg","width":550,"height":183,"caption":"ELEMENTARE WEINE"},"image":{"@id":"https:\/\/www.georgpreisinger.com\/en\/#\/schema\/logo\/image\/"}}]}},"_links":{"self":[{"href":"https:\/\/www.georgpreisinger.com\/en\/wp-json\/wp\/v2\/pages\/1211","targetHints":{"allow":["GET"]}}],"collection":[{"href":"https:\/\/www.georgpreisinger.com\/en\/wp-json\/wp\/v2\/pages"}],"about":[{"href":"https:\/\/www.georgpreisinger.com\/en\/wp-json\/wp\/v2\/types\/page"}],"author":[{"embeddable":true,"href":"https:\/\/www.georgpreisinger.com\/en\/wp-json\/wp\/v2\/users\/1"}],"replies":[{"embeddable":true,"href":"https:\/\/www.georgpreisinger.com\/en\/wp-json\/wp\/v2\/comments?post=1211"}],"version-history":[{"count":1,"href":"https:\/\/www.georgpreisinger.com\/en\/wp-json\/wp\/v2\/pages\/1211\/revisions"}],"predecessor-version":[{"id":1212,"href":"https:\/\/www.georgpreisinger.com\/en\/wp-json\/wp\/v2\/pages\/1211\/revisions\/1212"}],"wp:featuredmedia":[{"embeddable":true,"href":"https:\/\/www.georgpreisinger.com\/en\/wp-json\/wp\/v2\/media\/943"}],"wp:attachment":[{"href":"https:\/\/www.georgpreisinger.com\/en\/wp-json\/wp\/v2\/media?parent=1211"}],"curies":[{"name":"wp","href":"https:\/\/api.w.org\/{rel}","templated":true}]}}